{"id":435,"date":"2023-10-20T13:35:43","date_gmt":"2023-10-20T11:35:43","guid":{"rendered":"https:\/\/BD4FDC1A-3A31-4354-AEDC-5CDA7E254B26"},"modified":"2025-02-25T15:46:23","modified_gmt":"2025-02-25T13:46:23","slug":"startseite","status":"publish","type":"page","link":"https:\/\/pma-builder.com\/builder\/","title":{"rendered":""},"content":{"rendered":"\t\t<div data-elementor-type=\"wp-page\" data-elementor-id=\"435\" class=\"elementor elementor-435\">\n\t\t\t\t<div class=\"elementor-element elementor-element-040bac1 e-con-full e-flex e-con e-parent\" data-id=\"040bac1\" data-element_type=\"container\" data-settings=\"{&quot;background_background&quot;:&quot;video&quot;}\">\n\t\t\t\t<div class=\"elementor-element elementor-element-349e612 elementor-widget__width-auto elementor-widget elementor-widget-text-editor\" data-id=\"349e612\" data-element_type=\"widget\" data-widget_type=\"text-editor.default\">\n\t\t\t\t<div class=\"elementor-widget-container\">\n\t\t\t\t\t\t\t\t\t<p>PMA Builder<\/p>\n<p>Revolutionieren Sie Ihre Assemblies<\/p>\t\t\t\t\t\t\t\t<\/div>\n\t\t\t\t<\/div>\n\t\t\t\t<\/div>\n\t\t<div class=\"elementor-element elementor-element-287d708 e-con-full e-flex e-con e-parent\" data-id=\"287d708\" data-element_type=\"container\" data-settings=\"{&quot;background_background&quot;:&quot;classic&quot;}\">\n\t\t\t\t<div class=\"elementor-element elementor-element-95a3edb elementor-widget elementor-widget-heading\" data-id=\"95a3edb\" data-element_type=\"widget\" data-widget_type=\"heading.default\">\n\t\t\t\t<div class=\"elementor-widget-container\">\n\t\t\t\t\t<h2 class=\"elementor-heading-title elementor-size-default\">Unsere Hauptmerkmale<\/h2>\t\t\t\t<\/div>\n\t\t\t\t<\/div>\n\t\t\t\t<\/div>\n\t\t<div class=\"elementor-element elementor-element-c56e6f9 e-flex e-con-boxed e-con e-parent\" data-id=\"c56e6f9\" data-element_type=\"container\" data-settings=\"{&quot;background_background&quot;:&quot;classic&quot;}\">\n\t\t\t\t\t<div class=\"e-con-inner\">\n\t\t<div class=\"elementor-element elementor-element-90736bf e-con-full e-flex e-con e-child\" data-id=\"90736bf\" data-element_type=\"container\">\n\t\t\t\t<div class=\"elementor-element elementor-element-28caf48 elementor-widget elementor-widget-heading\" data-id=\"28caf48\" data-element_type=\"widget\" data-widget_type=\"heading.default\">\n\t\t\t\t<div class=\"elementor-widget-container\">\n\t\t\t\t\t<h2 class=\"elementor-heading-title elementor-size-xl\">Pharma Assemblie Konfigurator<\/h2>\t\t\t\t<\/div>\n\t\t\t\t<\/div>\n\t\t\t\t<div class=\"elementor-element elementor-element-c49316c elementor-widget elementor-widget-heading\" data-id=\"c49316c\" data-element_type=\"widget\" data-widget_type=\"heading.default\">\n\t\t\t\t<div class=\"elementor-widget-container\">\n\t\t\t\t\t<h2 class=\"elementor-heading-title elementor-size-default\">Entdecken Sie unseren revolution\u00e4ren <br>Konfigurator, der Ihnen hilft, komplexe <br>pharmazeutische Assemblies zu erstellen.<br><\/h2>\t\t\t\t<\/div>\n\t\t\t\t<\/div>\n\t\t\t\t<\/div>\n\t\t<div class=\"elementor-element elementor-element-3eed6cd e-con-full e-flex e-con e-child\" data-id=\"3eed6cd\" data-element_type=\"container\">\n\t\t\t\t<div class=\"elementor-element elementor-element-88dcb27 elementor-widget elementor-widget-heading\" data-id=\"88dcb27\" data-element_type=\"widget\" data-widget_type=\"heading.default\">\n\t\t\t\t<div class=\"elementor-widget-container\">\n\t\t\t\t\t<h2 class=\"elementor-heading-title elementor-size-xl\">Erstellung von Zeichnungen, St\u00fccklisten und Spezifikationen<\/h2>\t\t\t\t<\/div>\n\t\t\t\t<\/div>\n\t\t\t\t<div class=\"elementor-element elementor-element-cdb57f6 elementor-widget elementor-widget-heading\" data-id=\"cdb57f6\" data-element_type=\"widget\" data-widget_type=\"heading.default\">\n\t\t\t\t<div class=\"elementor-widget-container\">\n\t\t\t\t\t<h2 class=\"elementor-heading-title elementor-size-default\">Erschaffen Sie pr\u00e4zise und detaillierte Zeichnungen, St\u00fccklisten und Spezifikationen f\u00fcr Ihre pharmazeutischen Projekte.<\/h2>\t\t\t\t<\/div>\n\t\t\t\t<\/div>\n\t\t\t\t<\/div>\n\t\t<div class=\"elementor-element elementor-element-9590e67 e-con-full e-flex e-con e-child\" data-id=\"9590e67\" data-element_type=\"container\">\n\t\t\t\t<div class=\"elementor-element elementor-element-2ab616d elementor-widget elementor-widget-heading\" data-id=\"2ab616d\" data-element_type=\"widget\" data-widget_type=\"heading.default\">\n\t\t\t\t<div class=\"elementor-widget-container\">\n\t\t\t\t\t<h2 class=\"elementor-heading-title elementor-size-default\">Zeitersparnis und bahnbrechende Neuerung<\/h2>\t\t\t\t<\/div>\n\t\t\t\t<\/div>\n\t\t\t\t<div class=\"elementor-element elementor-element-7498749 elementor-widget elementor-widget-heading\" data-id=\"7498749\" data-element_type=\"widget\" data-widget_type=\"heading.default\">\n\t\t\t\t<div class=\"elementor-widget-container\">\n\t\t\t\t\t<h2 class=\"elementor-heading-title elementor-size-default\">Erleben Sie die Zeitersparnis und die bahnbrechende Neuerung, die Ihnen\nPMA Builder bietet.<\/h2>\t\t\t\t<\/div>\n\t\t\t\t<\/div>\n\t\t\t\t<\/div>\n\t\t<div class=\"elementor-element elementor-element-19fcf96 e-con-full e-flex e-con e-child\" data-id=\"19fcf96\" data-element_type=\"container\">\n\t\t\t\t<div class=\"elementor-element elementor-element-1be737d elementor-widget elementor-widget-heading\" data-id=\"1be737d\" data-element_type=\"widget\" data-widget_type=\"heading.default\">\n\t\t\t\t<div class=\"elementor-widget-container\">\n\t\t\t\t\t<h2 class=\"elementor-heading-title elementor-size-default\">Einfache Bedienung<\/h2>\t\t\t\t<\/div>\n\t\t\t\t<\/div>\n\t\t\t\t<div class=\"elementor-element elementor-element-b9dd666 elementor-widget elementor-widget-heading\" data-id=\"b9dd666\" data-element_type=\"widget\" data-widget_type=\"heading.default\">\n\t\t\t\t<div class=\"elementor-widget-container\">\n\t\t\t\t\t<h2 class=\"elementor-heading-title elementor-size-default\">Mit dem Drag & Drop Verfahren ist der PMA Builder einfach und leicht zu bedienen<\/h2>\t\t\t\t<\/div>\n\t\t\t\t<\/div>\n\t\t\t\t<\/div>\n\t\t\t\t\t<\/div>\n\t\t\t\t<\/div>\n\t\t<div class=\"elementor-element elementor-element-2fdaddd e-flex e-con-boxed e-con e-parent\" data-id=\"2fdaddd\" data-element_type=\"container\" data-settings=\"{&quot;background_background&quot;:&quot;classic&quot;}\">\n\t\t\t\t\t<div class=\"e-con-inner\">\n\t\t\t\t<div class=\"elementor-element elementor-element-2364ee2 elementor-widget elementor-widget-spacer\" data-id=\"2364ee2\" data-element_type=\"widget\" data-widget_type=\"spacer.default\">\n\t\t\t\t<div class=\"elementor-widget-container\">\n\t\t\t\t\t\t\t<div class=\"elementor-spacer\">\n\t\t\t<div class=\"elementor-spacer-inner\"><\/div>\n\t\t<\/div>\n\t\t\t\t\t\t<\/div>\n\t\t\t\t<\/div>\n\t\t\t\t\t<\/div>\n\t\t\t\t<\/div>\n\t\t<div class=\"elementor-element elementor-element-b2a2c34 e-flex e-con-boxed e-con e-parent\" data-id=\"b2a2c34\" data-element_type=\"container\" data-settings=\"{&quot;background_background&quot;:&quot;classic&quot;}\">\n\t\t\t\t\t<div class=\"e-con-inner\">\n\t\t\t\t<div class=\"elementor-element elementor-element-f085335 elementor-widget elementor-widget-heading\" data-id=\"f085335\" data-element_type=\"widget\" data-widget_type=\"heading.default\">\n\t\t\t\t<div class=\"elementor-widget-container\">\n\t\t\t\t\t<h2 class=\"elementor-heading-title elementor-size-default\">Anpassbar durch schrittweise Anleitung<\/h2>\t\t\t\t<\/div>\n\t\t\t\t<\/div>\n\t\t\t\t\t<\/div>\n\t\t\t\t<\/div>\n\t\t<div class=\"elementor-element elementor-element-b4cbc0c e-con-full e-flex e-con e-parent\" data-id=\"b4cbc0c\" data-element_type=\"container\">\n\t\t<div class=\"elementor-element elementor-element-e32871b e-con-full e-flex e-con e-child\" data-id=\"e32871b\" data-element_type=\"container\" data-settings=\"{&quot;background_background&quot;:&quot;classic&quot;}\">\n\t\t\t\t<div class=\"elementor-element elementor-element-1dd3998 elementor-widget elementor-widget-heading\" data-id=\"1dd3998\" data-element_type=\"widget\" data-widget_type=\"heading.default\">\n\t\t\t\t<div class=\"elementor-widget-container\">\n\t\t\t\t\t<h2 class=\"elementor-heading-title elementor-size-default\">Schritt 1<\/h2>\t\t\t\t<\/div>\n\t\t\t\t<\/div>\n\t\t\t\t<div class=\"elementor-element elementor-element-eb6aad7 elementor-widget elementor-widget-text-editor\" data-id=\"eb6aad7\" data-element_type=\"widget\" data-widget_type=\"text-editor.default\">\n\t\t\t\t<div class=\"elementor-widget-container\">\n\t\t\t\t\t\t\t\t\t<ul><li>Anmelden bei PMA Builder<\/li><li>Erstelle Sie ein neues Projekt<\/li><\/ul>\t\t\t\t\t\t\t\t<\/div>\n\t\t\t\t<\/div>\n\t\t\t\t<\/div>\n\t\t<div class=\"elementor-element elementor-element-0f19aab e-con-full e-flex e-con e-child\" data-id=\"0f19aab\" data-element_type=\"container\" data-settings=\"{&quot;background_background&quot;:&quot;classic&quot;}\">\n\t\t\t\t<div class=\"elementor-element elementor-element-8a89020 elementor-widget elementor-widget-heading\" data-id=\"8a89020\" data-element_type=\"widget\" data-widget_type=\"heading.default\">\n\t\t\t\t<div class=\"elementor-widget-container\">\n\t\t\t\t\t<h2 class=\"elementor-heading-title elementor-size-default\">Schritt 2<\/h2>\t\t\t\t<\/div>\n\t\t\t\t<\/div>\n\t\t\t\t<div class=\"elementor-element elementor-element-1c28f65 elementor-widget elementor-widget-text-editor\" data-id=\"1c28f65\" data-element_type=\"widget\" data-widget_type=\"text-editor.default\">\n\t\t\t\t<div class=\"elementor-widget-container\">\n\t\t\t\t\t\t\t\t\t<ul><li>W\u00e4hlen Sie die gew\u00fcnschten Assemblie Komponenten aus<\/li><li>Passen Sie die Konfiguration nach Ihren Bed\u00fcrfnissen an<\/li><\/ul>\t\t\t\t\t\t\t\t<\/div>\n\t\t\t\t<\/div>\n\t\t\t\t<\/div>\n\t\t<div class=\"elementor-element elementor-element-ece4760 e-con-full e-flex e-con e-child\" data-id=\"ece4760\" data-element_type=\"container\" data-settings=\"{&quot;background_background&quot;:&quot;classic&quot;}\">\n\t\t\t\t<div class=\"elementor-element elementor-element-cea6267 elementor-widget elementor-widget-heading\" data-id=\"cea6267\" data-element_type=\"widget\" data-widget_type=\"heading.default\">\n\t\t\t\t<div class=\"elementor-widget-container\">\n\t\t\t\t\t<h2 class=\"elementor-heading-title elementor-size-default\">Schritt 3<\/h2>\t\t\t\t<\/div>\n\t\t\t\t<\/div>\n\t\t\t\t<div class=\"elementor-element elementor-element-d21ec0b elementor-widget elementor-widget-text-editor\" data-id=\"d21ec0b\" data-element_type=\"widget\" data-widget_type=\"text-editor.default\">\n\t\t\t\t<div class=\"elementor-widget-container\">\n\t\t\t\t\t\t\t\t\t<ul><li>Erstellen Sie per Mausklick die Spezifikation<\/li><li>\u00dcberpr\u00fcfen und Speichern Sie Ihre Konfiguration<\/li><\/ul>\t\t\t\t\t\t\t\t<\/div>\n\t\t\t\t<\/div>\n\t\t\t\t<\/div>\n\t\t<div class=\"elementor-element elementor-element-0743d5c e-con-full e-flex e-con e-child\" data-id=\"0743d5c\" data-element_type=\"container\" data-settings=\"{&quot;background_background&quot;:&quot;classic&quot;}\">\n\t\t\t\t<div class=\"elementor-element elementor-element-3e6252b elementor-widget elementor-widget-heading\" data-id=\"3e6252b\" data-element_type=\"widget\" data-widget_type=\"heading.default\">\n\t\t\t\t<div class=\"elementor-widget-container\">\n\t\t\t\t\t<h2 class=\"elementor-heading-title elementor-size-default\">Schritt 4<\/h2>\t\t\t\t<\/div>\n\t\t\t\t<\/div>\n\t\t\t\t<div class=\"elementor-element elementor-element-516c852 elementor-widget elementor-widget-text-editor\" data-id=\"516c852\" data-element_type=\"widget\" data-widget_type=\"text-editor.default\">\n\t\t\t\t<div class=\"elementor-widget-container\">\n\t\t\t\t\t\t\t\t\t<ul><li>Zeichnung, St\u00fcckliste und Spezifikation werden Ihnen per Mail zugeschickt<\/li><\/ul>\t\t\t\t\t\t\t\t<\/div>\n\t\t\t\t<\/div>\n\t\t\t\t<\/div>\n\t\t\t\t<\/div>\n\t\t<div class=\"elementor-element elementor-element-14e5850 e-flex e-con-boxed e-con e-parent\" data-id=\"14e5850\" data-element_type=\"container\" data-settings=\"{&quot;background_background&quot;:&quot;classic&quot;}\">\n\t\t\t\t\t<div class=\"e-con-inner\">\n\t\t\t\t<div class=\"elementor-element elementor-element-0d20081 elementor-widget-divider--view-line elementor-widget elementor-widget-divider\" data-id=\"0d20081\" data-element_type=\"widget\" data-widget_type=\"divider.default\">\n\t\t\t\t<div class=\"elementor-widget-container\">\n\t\t\t\t\t\t\t<div class=\"elementor-divider\">\n\t\t\t<span class=\"elementor-divider-separator\">\n\t\t\t\t\t\t<\/span>\n\t\t<\/div>\n\t\t\t\t\t\t<\/div>\n\t\t\t\t<\/div>\n\t\t\t\t\t<\/div>\n\t\t\t\t<\/div>\n\t\t<div class=\"elementor-element elementor-element-5fbc427 e-flex e-con-boxed e-con e-parent\" data-id=\"5fbc427\" data-element_type=\"container\" data-settings=\"{&quot;background_background&quot;:&quot;classic&quot;}\">\n\t\t\t\t\t<div class=\"e-con-inner\">\n\t\t<div class=\"elementor-element elementor-element-2eb46c0 e-con-full e-flex e-con e-child\" data-id=\"2eb46c0\" data-element_type=\"container\">\n\t\t\t\t<div class=\"elementor-element elementor-element-3ff2c3d elementor-widget elementor-widget-heading\" data-id=\"3ff2c3d\" data-element_type=\"widget\" data-widget_type=\"heading.default\">\n\t\t\t\t<div class=\"elementor-widget-container\">\n\t\t\t\t\t<h2 class=\"elementor-heading-title elementor-size-default\">PMA Builder Quick & Easy<\/h2>\t\t\t\t<\/div>\n\t\t\t\t<\/div>\n\t\t\t\t<div class=\"elementor-element elementor-element-1189d56 elementor-widget elementor-widget-heading\" data-id=\"1189d56\" data-element_type=\"widget\" data-widget_type=\"heading.default\">\n\t\t\t\t<div class=\"elementor-widget-container\">\n\t\t\t\t\t<h2 class=\"elementor-heading-title elementor-size-default\">Der PMA Builder Quick &amp; Easy ist ein Tool, mit dem Sie individuelle\nPharma Assemblies designen k\u00f6nnen. Dank intuitiver Select and Click Technik lassen sich diverse Komponenten und Texte m\u00fchelos\nkombinieren, um ansprechende,  Darstellungen zu\nkreieren.<\/h2>\t\t\t\t<\/div>\n\t\t\t\t<\/div>\n\t\t\t\t<\/div>\n\t\t<div class=\"elementor-element elementor-element-c7ab996 e-con-full e-flex e-con e-child\" data-id=\"c7ab996\" data-element_type=\"container\">\n\t\t\t\t<div class=\"elementor-element elementor-element-c1e2d31 elementor-widget elementor-widget-image\" data-id=\"c1e2d31\" data-element_type=\"widget\" data-widget_type=\"image.default\">\n\t\t\t\t<div class=\"elementor-widget-container\">\n\t\t\t\t\t\t\t\t\t\t\t\t\t\t\t<img fetchpriority=\"high\" decoding=\"async\" width=\"1024\" height=\"736\" src=\"https:\/\/pma-builder.com\/builder\/wp-content\/uploads\/2023\/10\/Twin-Tubing-System-Quick-Easy-1024x736.jpg\" class=\"attachment-large size-large wp-image-540\" alt=\"\" srcset=\"https:\/\/pma-builder.com\/builder\/wp-content\/uploads\/2023\/10\/Twin-Tubing-System-Quick-Easy-1024x736.jpg 1024w, https:\/\/pma-builder.com\/builder\/wp-content\/uploads\/2023\/10\/Twin-Tubing-System-Quick-Easy-600x431.jpg 600w, https:\/\/pma-builder.com\/builder\/wp-content\/uploads\/2023\/10\/Twin-Tubing-System-Quick-Easy-300x216.jpg 300w, https:\/\/pma-builder.com\/builder\/wp-content\/uploads\/2023\/10\/Twin-Tubing-System-Quick-Easy-768x552.jpg 768w, https:\/\/pma-builder.com\/builder\/wp-content\/uploads\/2023\/10\/Twin-Tubing-System-Quick-Easy-1320x949.jpg 1320w, https:\/\/pma-builder.com\/builder\/wp-content\/uploads\/2023\/10\/Twin-Tubing-System-Quick-Easy.jpg 1515w\" sizes=\"(max-width: 1024px) 100vw, 1024px\" \/>\t\t\t\t\t\t\t\t\t\t\t\t\t\t\t<\/div>\n\t\t\t\t<\/div>\n\t\t\t\t<\/div>\n\t\t\t\t\t<\/div>\n\t\t\t\t<\/div>\n\t\t<div class=\"elementor-element elementor-element-d066eb9 e-flex e-con-boxed e-con e-parent\" data-id=\"d066eb9\" data-element_type=\"container\">\n\t\t\t\t\t<div class=\"e-con-inner\">\n\t\t\t\t\t<\/div>\n\t\t\t\t<\/div>\n\t\t\t\t<\/div>\n\t\t","protected":false},"excerpt":{"rendered":"<p>PMA Builder Revolutionieren Sie Ihre Assemblies Unsere Hauptmerkmale Pharma Assemblie Konfigurator Entdecken Sie unseren revolution\u00e4ren Konfigurator, der Ihnen hilft, komplexe pharmazeutische Assemblies zu erstellen. Erstellung von Zeichnungen, St\u00fccklisten und Spezifikationen Erschaffen Sie pr\u00e4zise und detaillierte Zeichnungen, St\u00fccklisten und Spezifikationen f\u00fcr Ihre pharmazeutischen Projekte. Zeitersparnis und bahnbrechende Neuerung Erleben Sie die Zeitersparnis und die bahnbrechende Neuerung, [&hellip;]<\/p>\n","protected":false},"author":3,"featured_media":0,"parent":0,"menu_order":0,"comment_status":"closed","ping_status":"closed","template":"elementor_header_footer","meta":{"ocean_post_layout":"","ocean_both_sidebars_style":"","ocean_both_sidebars_content_width":0,"ocean_both_sidebars_sidebars_width":0,"ocean_sidebar":"","ocean_second_sidebar":"","ocean_disable_margins":"enable","ocean_add_body_class":"","ocean_shortcode_before_top_bar":"","ocean_shortcode_after_top_bar":"","ocean_shortcode_before_header":"","ocean_shortcode_after_header":"","ocean_has_shortcode":"","ocean_shortcode_after_title":"","ocean_shortcode_before_footer_widgets":"","ocean_shortcode_after_footer_widgets":"","ocean_shortcode_before_footer_bottom":"","ocean_shortcode_after_footer_bottom":"","ocean_display_top_bar":"default","ocean_display_header":"default","ocean_header_style":"","ocean_center_header_left_menu":"","ocean_custom_header_template":"","ocean_custom_logo":0,"ocean_custom_retina_logo":0,"ocean_custom_logo_max_width":0,"ocean_custom_logo_tablet_max_width":0,"ocean_custom_logo_mobile_max_width":0,"ocean_custom_logo_max_height":0,"ocean_custom_logo_tablet_max_height":0,"ocean_custom_logo_mobile_max_height":0,"ocean_header_custom_menu":"","ocean_menu_typo_font_family":"","ocean_menu_typo_font_subset":"","ocean_menu_typo_font_size":0,"ocean_menu_typo_font_size_tablet":0,"ocean_menu_typo_font_size_mobile":0,"ocean_menu_typo_font_size_unit":"px","ocean_menu_typo_font_weight":"","ocean_menu_typo_font_weight_tablet":"","ocean_menu_typo_font_weight_mobile":"","ocean_menu_typo_transform":"","ocean_menu_typo_transform_tablet":"","ocean_menu_typo_transform_mobile":"","ocean_menu_typo_line_height":0,"ocean_menu_typo_line_height_tablet":0,"ocean_menu_typo_line_height_mobile":0,"ocean_menu_typo_line_height_unit":"","ocean_menu_typo_spacing":0,"ocean_menu_typo_spacing_tablet":0,"ocean_menu_typo_spacing_mobile":0,"ocean_menu_typo_spacing_unit":"","ocean_menu_link_color":"","ocean_menu_link_color_hover":"","ocean_menu_link_color_active":"","ocean_menu_link_background":"","ocean_menu_link_hover_background":"","ocean_menu_link_active_background":"","ocean_menu_social_links_bg":"","ocean_menu_social_hover_links_bg":"","ocean_menu_social_links_color":"","ocean_menu_social_hover_links_color":"","ocean_disable_title":"default","ocean_disable_heading":"default","ocean_post_title":"","ocean_post_subheading":"","ocean_post_title_style":"","ocean_post_title_background_color":"","ocean_post_title_background":0,"ocean_post_title_bg_image_position":"","ocean_post_title_bg_image_attachment":"","ocean_post_title_bg_image_repeat":"","ocean_post_title_bg_image_size":"","ocean_post_title_height":0,"ocean_post_title_bg_overlay":0.5,"ocean_post_title_bg_overlay_color":"","ocean_disable_breadcrumbs":"default","ocean_breadcrumbs_color":"","ocean_breadcrumbs_separator_color":"","ocean_breadcrumbs_links_color":"","ocean_breadcrumbs_links_hover_color":"","ocean_display_footer_widgets":"default","ocean_display_footer_bottom":"default","ocean_custom_footer_template":"","footnotes":""},"class_list":["post-435","page","type-page","status-publish","hentry","entry","owp-thumbs-layout-horizontal","owp-btn-normal","owp-tabs-layout-horizontal","has-no-thumbnails"],"jetpack_sharing_enabled":true,"_links":{"self":[{"href":"https:\/\/pma-builder.com\/builder\/wp-json\/wp\/v2\/pages\/435","targetHints":{"allow":["GET"]}}],"collection":[{"href":"https:\/\/pma-builder.com\/builder\/wp-json\/wp\/v2\/pages"}],"about":[{"href":"https:\/\/pma-builder.com\/builder\/wp-json\/wp\/v2\/types\/page"}],"author":[{"embeddable":true,"href":"https:\/\/pma-builder.com\/builder\/wp-json\/wp\/v2\/users\/3"}],"replies":[{"embeddable":true,"href":"https:\/\/pma-builder.com\/builder\/wp-json\/wp\/v2\/comments?post=435"}],"version-history":[{"count":224,"href":"https:\/\/pma-builder.com\/builder\/wp-json\/wp\/v2\/pages\/435\/revisions"}],"predecessor-version":[{"id":2086,"href":"https:\/\/pma-builder.com\/builder\/wp-json\/wp\/v2\/pages\/435\/revisions\/2086"}],"wp:attachment":[{"href":"https:\/\/pma-builder.com\/builder\/wp-json\/wp\/v2\/media?parent=435"}],"curies":[{"name":"wp","href":"https:\/\/api.w.org\/{rel}","templated":true}]}}